{"id":2267,"date":"2026-02-10T00:05:48","date_gmt":"2026-02-10T00:05:48","guid":{"rendered":"https:\/\/ekochatykarpaty.cz\/?post_type=product&#038;p=2267"},"modified":"2026-02-22T21:37:40","modified_gmt":"2026-02-22T21:37:40","slug":"dvojgaraz-a","status":"publish","type":"product","link":"https:\/\/ekochatykarpaty.cz\/sk\/produkt\/dvojgaraz-a\/","title":{"rendered":"Dvojgar\u00e1\u017e A"},"content":{"rendered":"<p>Model Dvojgar\u00e1\u017e A predstavuje komfortn\u00e9 a vysoko stabiln\u00e9 rie\u0161enie pre parkovanie dvoch osobn\u00fdch automobilov na ve\u013ekorysej zastavanej ploche 36 m\u00b2. \u0160tvorcov\u00fd p\u00f4dorys s rozmermi 6 x 6 metrov poskytuje dostatok manipula\u010dn\u00e9ho priestoru nielen pre vozidl\u00e1, ale aj pre ulo\u017eenie sez\u00f3nneho vybavenia alebo pneumat\u00edk.<\/p>\n<p>Model Dvojgar\u00e1\u017e A predstavuje komfortn\u00e9 a vysoko stabiln\u00e9 rie\u0161enie pre parkovanie dvoch osobn\u00fdch automobilov na ve\u013ekorysej zastavanej ploche 36 m\u00b2. \u0160tvorcov\u00fd p\u00f4dorys s rozmermi 6 x 6 metrov poskytuje dostatok manipula\u010dn\u00e9ho priestoru nielen nielen pre vozidl\u00e1, ale aj pre ulo\u017eenie sez\u00f3nneho vybavenia alebo pneumat\u00edk.<\/p>\n<p>Gar\u00e1\u017e je \u0161tandardne dod\u00e1van\u00e1 bez br\u00e1ny, ktor\u00fa v\u00e1m v\u0161ak na prianie radi dod\u00e1me a namontujeme ako volite\u013en\u00e9 pr\u00edslu\u0161enstvo.<\/p>\n<p><strong>Gar\u00e1\u017e neobsahuje br\u00e1nu, za pr\u00edplatok je mo\u017en\u00e9 ju doda\u0165 aj s mont\u00e1\u017eou.<\/strong><\/p>","protected":false},"excerpt":{"rendered":"<p>\ud83d\udccf 36 m\u00b2 | \ud83e\uddf1 44 mm | \ud83d\udcd0 6000 x 6000 mm<\/p>","protected":false},"featured_media":2269,"comment_status":"open","ping_status":"closed","template":"","meta":[],"product_brand":[],"product_cat":[26],"product_tag":[],"class_list":{"0":"post-2267","1":"product","2":"type-product","3":"status-publish","4":"has-post-thumbnail","6":"product_cat-garaze","8":"first","9":"instock","10":"shipping-taxable","11":"purchasable","12":"product-type-simple"},"_links":{"self":[{"href":"https:\/\/ekochatykarpaty.cz\/sk\/wp-json\/wp\/v2\/product\/2267","targetHints":{"allow":["GET"]}}],"collection":[{"href":"https:\/\/ekochatykarpaty.cz\/sk\/wp-json\/wp\/v2\/product"}],"about":[{"href":"https:\/\/ekochatykarpaty.cz\/sk\/wp-json\/wp\/v2\/types\/product"}],"replies":[{"embeddable":true,"href":"https:\/\/ekochatykarpaty.cz\/sk\/wp-json\/wp\/v2\/comments?post=2267"}],"wp:featuredmedia":[{"embeddable":true,"href":"https:\/\/ekochatykarpaty.cz\/sk\/wp-json\/wp\/v2\/media\/2269"}],"wp:attachment":[{"href":"https:\/\/ekochatykarpaty.cz\/sk\/wp-json\/wp\/v2\/media?parent=2267"}],"wp:term":[{"taxonomy":"product_brand","embeddable":true,"href":"https:\/\/ekochatykarpaty.cz\/sk\/wp-json\/wp\/v2\/product_brand?post=2267"},{"taxonomy":"product_cat","embeddable":true,"href":"https:\/\/ekochatykarpaty.cz\/sk\/wp-json\/wp\/v2\/product_cat?post=2267"},{"taxonomy":"product_tag","embeddable":true,"href":"https:\/\/ekochatykarpaty.cz\/sk\/wp-json\/wp\/v2\/product_tag?post=2267"}],"curies":[{"name":"wp","href":"https:\/\/api.w.org\/{rel}","templated":true}]}}