{"id":2274,"date":"2026-02-10T00:14:05","date_gmt":"2026-02-10T00:14:05","guid":{"rendered":"https:\/\/ekochatykarpaty.cz\/?post_type=product&#038;p=2274"},"modified":"2026-02-22T21:36:52","modified_gmt":"2026-02-22T21:36:52","slug":"dvojgaraz-b","status":"publish","type":"product","link":"https:\/\/ekochatykarpaty.cz\/sk\/produkt\/dvojgaraz-b\/","title":{"rendered":"Dvojgar\u00e1\u017e B"},"content":{"rendered":"<p>Model Dvojgar\u00e1\u017e B predstavuje vysoko funk\u010dn\u00e9 rie\u0161enie pre n\u00e1ro\u010dn\u00fdch u\u017e\u00edvate\u013eov, ktor\u00e9 na zastavanej ploche 38,5 m\u00b2 kombinuje priestor pre dve vozidl\u00e1 s praktick\u00fdm oddelen\u00fdm z\u00e1zem\u00edm. Kon\u0161trukcia je rozdelen\u00e1 do dvoch miestnost\u00ed, \u010do umo\u017e\u0148uje vyu\u017ei\u0165 \u010das\u0165 objektu ako samostatn\u00fd sklad alebo diel\u0148u<\/p>\n<p>Robustn\u00ed st\u011bny ze 44mm rouben\u00e9ho hranolu a plocha st\u0159echy 42 m\u00b2 zaji\u0161\u0165uj\u00ed maxim\u00e1ln\u00ed stabilitu a ochranu va\u0161eho majetku. Interi\u00e9r je osazen dv\u011bma modern\u00edmi \u00fazk\u00fdmi okny s izola\u010dn\u00edm dvojsklem, kter\u00e1 dod\u00e1vaj\u00ed stavb\u011b sou\u010dasn\u00fd vzhled a zaji\u0161\u0165uj\u00ed p\u0159irozen\u00e9 osv\u011btlen\u00ed.<\/p>\n<p>S dv\u011bma samostatn\u00fdmi bo\u010dn\u00edmi vchody je zaji\u0161t\u011bna vynikaj\u00edc\u00ed p\u0159\u00edstupnost do obou \u010d\u00e1st\u00ed gar\u00e1\u017ee bez nutnosti manipulace s hlavn\u00edmi vraty. Model je standardn\u011b dod\u00e1v\u00e1n bez vrat, kter\u00e1 v\u00e1m v\u0161ak r\u00e1di dod\u00e1me a odborn\u011b namontujeme jako voliteln\u00e9 p\u0159\u00edslu\u0161enstv\u00ed.<\/p>\n<p><strong>Gar\u00e1\u017e neobsahuje br\u00e1nu, za pr\u00edplatok je mo\u017en\u00e9 ju doda\u0165 aj s mont\u00e1\u017eou.<\/strong><\/p>","protected":false},"excerpt":{"rendered":"<p>\ud83d\udccf 38,5 m\u00b2 | \ud83e\uddf1 44 mm | \ud83d\udcd0 7000 x 5500 mm<\/p>","protected":false},"featured_media":2275,"comment_status":"open","ping_status":"closed","template":"","meta":[],"product_brand":[],"product_cat":[26],"product_tag":[],"class_list":{"0":"post-2274","1":"product","2":"type-product","3":"status-publish","4":"has-post-thumbnail","6":"product_cat-garaze","8":"first","9":"instock","10":"shipping-taxable","11":"purchasable","12":"product-type-simple"},"_links":{"self":[{"href":"https:\/\/ekochatykarpaty.cz\/sk\/wp-json\/wp\/v2\/product\/2274","targetHints":{"allow":["GET"]}}],"collection":[{"href":"https:\/\/ekochatykarpaty.cz\/sk\/wp-json\/wp\/v2\/product"}],"about":[{"href":"https:\/\/ekochatykarpaty.cz\/sk\/wp-json\/wp\/v2\/types\/product"}],"replies":[{"embeddable":true,"href":"https:\/\/ekochatykarpaty.cz\/sk\/wp-json\/wp\/v2\/comments?post=2274"}],"wp:featuredmedia":[{"embeddable":true,"href":"https:\/\/ekochatykarpaty.cz\/sk\/wp-json\/wp\/v2\/media\/2275"}],"wp:attachment":[{"href":"https:\/\/ekochatykarpaty.cz\/sk\/wp-json\/wp\/v2\/media?parent=2274"}],"wp:term":[{"taxonomy":"product_brand","embeddable":true,"href":"https:\/\/ekochatykarpaty.cz\/sk\/wp-json\/wp\/v2\/product_brand?post=2274"},{"taxonomy":"product_cat","embeddable":true,"href":"https:\/\/ekochatykarpaty.cz\/sk\/wp-json\/wp\/v2\/product_cat?post=2274"},{"taxonomy":"product_tag","embeddable":true,"href":"https:\/\/ekochatykarpaty.cz\/sk\/wp-json\/wp\/v2\/product_tag?post=2274"}],"curies":[{"name":"wp","href":"https:\/\/api.w.org\/{rel}","templated":true}]}}