{"id":2280,"date":"2026-02-10T00:22:11","date_gmt":"2026-02-10T00:22:11","guid":{"rendered":"https:\/\/ekochatykarpaty.cz\/?post_type=product&#038;p=2280"},"modified":"2026-02-22T21:35:45","modified_gmt":"2026-02-22T21:35:45","slug":"garaz-d","status":"publish","type":"product","link":"https:\/\/ekochatykarpaty.cz\/sk\/produkt\/garaz-d\/","title":{"rendered":"Gar\u00e1\u017e D"},"content":{"rendered":"<p>Model Gar\u00e1\u017e D s pr\u00edstre\u0161kom je multifunk\u010dn\u00e1 drevostavba, ktor\u00e1 na zastavanej ploche 38,1 m\u00b2 rozumne kombinuje uzavret\u00fd priestor pre automobil s praktick\u00fdm bo\u010dn\u00fdm pr\u00edstre\u0161kom.<\/p>\n<p>Toto rie\u0161enie je ide\u00e1lne pre rodiny s dvoma vozidlami, alebo pre t\u00fdch, ktor\u00ed h\u013eadaj\u00fa kombin\u00e1ciu bezpe\u010dn\u00e9ho gar\u00e1\u017eovania a kryt\u00e9ho vonkaj\u0161ieho priestoru pre diel\u0148u \u010di skladovanie dreva. Robustn\u00e1 kon\u0161trukcia zo 44 mm r\u00faben\u00e9ho hranola a strecha s plochou 44,5 m\u00b2 zais\u0165uj\u00fa vysok\u00fa odolnos\u0165 proti poveternostn\u00fdm vplyvom.<\/p>\n<p>Interi\u00e9r gar\u00e1\u017ee je presvetlen\u00fd dvoma oknami s izola\u010dn\u00fdm dvojsklom a disponuje samostatn\u00fdm bo\u010dn\u00fdm vchodom pre maxim\u00e1lne pohodlie. Gar\u00e1\u017e je \u0161tandardne dod\u00e1van\u00e1 bez hlavnej br\u00e1ny, ktor\u00fa v\u00e1m v\u0161ak za pr\u00edplatok radi dod\u00e1me aj s odbornou mont\u00e1\u017eou.<\/p>\n<p>T\u00e1to stavba z kvalitn\u00e9ho vysokohorsk\u00e9ho dreva predstavuje estetick\u00e9 a vysoko funk\u010dn\u00e9 z\u00e1zemie pre v\u00e1\u0161 domov.<\/p>","protected":false},"excerpt":{"rendered":"<p>\ud83d\udccf 38,1 m\u00b2 | \ud83e\uddf1 44 mm | \ud83d\udcd0 6800 x 5600 mm<\/p>","protected":false},"featured_media":2282,"comment_status":"open","ping_status":"closed","template":"","meta":[],"product_brand":[],"product_cat":[26],"product_tag":[],"class_list":{"0":"post-2280","1":"product","2":"type-product","3":"status-publish","4":"has-post-thumbnail","6":"product_cat-garaze","8":"first","9":"instock","10":"shipping-taxable","11":"purchasable","12":"product-type-simple"},"_links":{"self":[{"href":"https:\/\/ekochatykarpaty.cz\/sk\/wp-json\/wp\/v2\/product\/2280","targetHints":{"allow":["GET"]}}],"collection":[{"href":"https:\/\/ekochatykarpaty.cz\/sk\/wp-json\/wp\/v2\/product"}],"about":[{"href":"https:\/\/ekochatykarpaty.cz\/sk\/wp-json\/wp\/v2\/types\/product"}],"replies":[{"embeddable":true,"href":"https:\/\/ekochatykarpaty.cz\/sk\/wp-json\/wp\/v2\/comments?post=2280"}],"wp:featuredmedia":[{"embeddable":true,"href":"https:\/\/ekochatykarpaty.cz\/sk\/wp-json\/wp\/v2\/media\/2282"}],"wp:attachment":[{"href":"https:\/\/ekochatykarpaty.cz\/sk\/wp-json\/wp\/v2\/media?parent=2280"}],"wp:term":[{"taxonomy":"product_brand","embeddable":true,"href":"https:\/\/ekochatykarpaty.cz\/sk\/wp-json\/wp\/v2\/product_brand?post=2280"},{"taxonomy":"product_cat","embeddable":true,"href":"https:\/\/ekochatykarpaty.cz\/sk\/wp-json\/wp\/v2\/product_cat?post=2280"},{"taxonomy":"product_tag","embeddable":true,"href":"https:\/\/ekochatykarpaty.cz\/sk\/wp-json\/wp\/v2\/product_tag?post=2280"}],"curies":[{"name":"wp","href":"https:\/\/api.w.org\/{rel}","templated":true}]}}