{"id":2417,"date":"2026-02-17T11:58:01","date_gmt":"2026-02-17T11:58:01","guid":{"rendered":"https:\/\/ekochatykarpaty.cz\/?post_type=product&#038;p=2417"},"modified":"2026-02-22T21:33:33","modified_gmt":"2026-02-22T21:33:33","slug":"divinec","status":"publish","type":"product","link":"https:\/\/ekochatykarpaty.cz\/sk\/produkt\/divinec\/","title":{"rendered":"Divinec"},"content":{"rendered":"<p>Model Divinec je vlajkovou lo\u010fou na\u0161ej ponuky, ktor\u00e1 svojou rozlohou 167 m\u00b2 zastavanej plochy a neuverite\u013en\u00fdmi 11 miestnos\u0165ami stiera rozdiely medzi chatou a plnohodnotn\u00fdm rodinn\u00fdm domom.<\/p>\n<p>T\u00e1to pr\u00edzemn\u00e1 stavba je navrhnut\u00e1 pre maxim\u00e1lny komfort a s\u00fakromie aj pre ve\u013ek\u00e9 skupiny alebo viacgenera\u010dn\u00e9 rodiny. Dominantou exteri\u00e9ru je obrovsk\u00e1 terasa s plochou 62,7 m\u00b2, ktor\u00e1 plynulo roz\u0161iruje obytn\u00fd priestor do z\u00e1hrady. Kon\u0161trukcia zo 68 mm r\u00faben\u00e9ho hranola zais\u0165uje vynikaj\u00facu stabilitu a tepeln\u00fd komfort.<\/p>\n<p>V\u00fdnimo\u010dn\u00e9 presvetlenie interi\u00e9ru garantuje 14 okien r\u00f4znych form\u00e1tov a 12 dvern\u00fdch prvkov, v\u0161etko osaden\u00e9 izola\u010dn\u00fdm dvojsklom v drevenom r\u00e1me. Divinec predstavuje vrchol tes\u00e1rskeho umenia z vysokohorsk\u00e9ho smreka a je ide\u00e1lnym rie\u0161en\u00edm pre t\u00fdch, ktor\u00ed h\u013eadaj\u00fa luxusn\u00fd priestor, poctiv\u00fd materi\u00e1l a bezkonkuren\u010dn\u00fa dispoz\u00edciu na jednej \u00farovni.<\/p>","protected":false},"excerpt":{"rendered":"<p>\ud83d\udccf 167 m\u00b2 | \ud83e\uddf1 68 mm | \ud83d\udcd0 10000 x 16700 mm<\/p>","protected":false},"featured_media":2426,"comment_status":"open","ping_status":"closed","template":"","meta":[],"product_brand":[],"product_cat":[21],"product_tag":[],"class_list":{"0":"post-2417","1":"product","2":"type-product","3":"status-publish","4":"has-post-thumbnail","6":"product_cat-drevene_domky","8":"first","9":"instock","10":"shipping-taxable","11":"purchasable","12":"product-type-simple"},"_links":{"self":[{"href":"https:\/\/ekochatykarpaty.cz\/sk\/wp-json\/wp\/v2\/product\/2417","targetHints":{"allow":["GET"]}}],"collection":[{"href":"https:\/\/ekochatykarpaty.cz\/sk\/wp-json\/wp\/v2\/product"}],"about":[{"href":"https:\/\/ekochatykarpaty.cz\/sk\/wp-json\/wp\/v2\/types\/product"}],"replies":[{"embeddable":true,"href":"https:\/\/ekochatykarpaty.cz\/sk\/wp-json\/wp\/v2\/comments?post=2417"}],"wp:featuredmedia":[{"embeddable":true,"href":"https:\/\/ekochatykarpaty.cz\/sk\/wp-json\/wp\/v2\/media\/2426"}],"wp:attachment":[{"href":"https:\/\/ekochatykarpaty.cz\/sk\/wp-json\/wp\/v2\/media?parent=2417"}],"wp:term":[{"taxonomy":"product_brand","embeddable":true,"href":"https:\/\/ekochatykarpaty.cz\/sk\/wp-json\/wp\/v2\/product_brand?post=2417"},{"taxonomy":"product_cat","embeddable":true,"href":"https:\/\/ekochatykarpaty.cz\/sk\/wp-json\/wp\/v2\/product_cat?post=2417"},{"taxonomy":"product_tag","embeddable":true,"href":"https:\/\/ekochatykarpaty.cz\/sk\/wp-json\/wp\/v2\/product_tag?post=2417"}],"curies":[{"name":"wp","href":"https:\/\/api.w.org\/{rel}","templated":true}]}}