{"id":2430,"date":"2026-02-17T12:07:20","date_gmt":"2026-02-17T12:07:20","guid":{"rendered":"https:\/\/ekochatykarpaty.cz\/?post_type=product&#038;p=2430"},"modified":"2026-02-22T21:31:57","modified_gmt":"2026-02-22T21:31:57","slug":"hrabina","status":"publish","type":"product","link":"https:\/\/ekochatykarpaty.cz\/sk\/produkt\/hrabina\/","title":{"rendered":"Hrabina"},"content":{"rendered":"<p>Model Hrabina predstavuje ide\u00e1lne rie\u0161enie pre t\u00fdch, ktor\u00ed h\u013eadaj\u00fa priestrann\u00e9 a \u00fatuln\u00e9 z\u00e1zemie s klasickou siluetou poschodovej drevostavby. Na z\u00e1kladnej ploche 52 m\u00b2 ukr\u00fdva premyslen\u00fa dispoz\u00edciu piatich miestnost\u00ed, \u010do z nej rob\u00ed perfektn\u00e9 rodinn\u00e9 s\u00eddlo na rekre\u00e1ciu aj dlh\u0161ie pobyty.<\/p>\n<p>Dominantou stavby je vysok\u00fd \u0161t\u00edt s v\u00fd\u0161kou hrebe\u0148a 5,67 m, ktor\u00fd interi\u00e9ru dod\u00e1va vzdu\u0161nos\u0165 a umo\u017e\u0148uje plnohodnotn\u00e9 vyu\u017eitie podkrovia. Chata je vybaven\u00e1 balk\u00f3nom (3,4 m\u00b2) aj pr\u00edzemnou terasou (5,7 m\u00b2), pri\u010dom oba tieto priestory s\u00fa chr\u00e1nen\u00e9 ve\u013ekorys\u00fdm presahom strechy s d\u013a\u017ekou 1,3 m.<\/p>\n<p>Robustn\u00e1 kon\u0161trukcia z vysokohorsk\u00e9ho dreva s plochou strechy presahuj\u00facou 96 m\u00b2 zais\u0165uje stavbe Hrabina vynikaj\u00facu odolnos\u0165 a dlh\u00fa \u017eivotnos\u0165 aj v n\u00e1ro\u010dnej\u0161\u00edch horsk\u00fdch podmienkach.<\/p>","protected":false},"excerpt":{"rendered":"<p>\ud83d\udccf 52 m\u00b2 | \ud83e\uddf1 44 mm | \ud83d\udcd0 5950 x 7100 mm<\/p>","protected":false},"featured_media":2439,"comment_status":"open","ping_status":"closed","template":"","meta":[],"product_brand":[],"product_cat":[21],"product_tag":[],"class_list":{"0":"post-2430","1":"product","2":"type-product","3":"status-publish","4":"has-post-thumbnail","6":"product_cat-drevene_domky","8":"first","9":"instock","10":"shipping-taxable","11":"purchasable","12":"product-type-simple"},"_links":{"self":[{"href":"https:\/\/ekochatykarpaty.cz\/sk\/wp-json\/wp\/v2\/product\/2430","targetHints":{"allow":["GET"]}}],"collection":[{"href":"https:\/\/ekochatykarpaty.cz\/sk\/wp-json\/wp\/v2\/product"}],"about":[{"href":"https:\/\/ekochatykarpaty.cz\/sk\/wp-json\/wp\/v2\/types\/product"}],"replies":[{"embeddable":true,"href":"https:\/\/ekochatykarpaty.cz\/sk\/wp-json\/wp\/v2\/comments?post=2430"}],"wp:featuredmedia":[{"embeddable":true,"href":"https:\/\/ekochatykarpaty.cz\/sk\/wp-json\/wp\/v2\/media\/2439"}],"wp:attachment":[{"href":"https:\/\/ekochatykarpaty.cz\/sk\/wp-json\/wp\/v2\/media?parent=2430"}],"wp:term":[{"taxonomy":"product_brand","embeddable":true,"href":"https:\/\/ekochatykarpaty.cz\/sk\/wp-json\/wp\/v2\/product_brand?post=2430"},{"taxonomy":"product_cat","embeddable":true,"href":"https:\/\/ekochatykarpaty.cz\/sk\/wp-json\/wp\/v2\/product_cat?post=2430"},{"taxonomy":"product_tag","embeddable":true,"href":"https:\/\/ekochatykarpaty.cz\/sk\/wp-json\/wp\/v2\/product_tag?post=2430"}],"curies":[{"name":"wp","href":"https:\/\/api.w.org\/{rel}","templated":true}]}}