{"id":2441,"date":"2026-02-17T12:16:02","date_gmt":"2026-02-17T12:16:02","guid":{"rendered":"https:\/\/ekochatykarpaty.cz\/?post_type=product&#038;p=2441"},"modified":"2026-02-22T21:31:07","modified_gmt":"2026-02-22T21:31:07","slug":"jelenec","status":"publish","type":"product","link":"https:\/\/ekochatykarpaty.cz\/sk\/produkt\/jelenec\/","title":{"rendered":"Jelenec"},"content":{"rendered":"<p>Model Jelenec je charizmatick\u00e1 poschodov\u00e1 drevostavba, ktor\u00e1 kombinuje tradi\u010dn\u00fd vzh\u013ead s vysokou funk\u010dnos\u0165ou na vn\u00fatornej ploche 52 m\u00b2. Dispoz\u00edcia rozdelen\u00e1 do piatich miestnost\u00ed pon\u00faka dostatok s\u00fakromia pre cel\u00fa rodinu, zatia\u013e \u010do v\u00fd\u0161ka hrebe\u0148a 5,67 m zais\u0165uje komfortn\u00fd priestor v oboch podla\u017eiach.<\/p>\n<p>V\u00fdrazn\u00fdm prvkom Jelenca je hlbok\u00fd presah strechy (1,3 m), ktor\u00fd vytv\u00e1ra chr\u00e1nen\u00fa z\u00f3nu pre odpo\u010dinok na balk\u00f3ne na poschod\u00ed aj na terase na pr\u00edzem\u00ed. Kon\u0161trukcia s plochou strechy takmer 97 m\u00b2 a pou\u017eit\u00edm kvalitn\u00fdch 19 mm stre\u0161n\u00fdch aj podlahov\u00fdch dosiek garantuje stabilitu a odolnos\u0165 cel\u00e9ho objektu.<\/p>\n<p>Jelenec je ide\u00e1lnou vo\u013ebou pre t\u00fdch, ktor\u00ed h\u013eadaj\u00fa poctiv\u00fa stavbu z mas\u00edvneho vysokohorsk\u00e9ho dreva, ktor\u00e1 sa stane ozdobou akejko\u013evek z\u00e1hrady \u010di horskej str\u00e1ne.<\/p>","protected":false},"excerpt":{"rendered":"<p>\ud83d\udccf 52 m\u00b2 | \ud83e\uddf1 44 mm | \ud83d\udcd0 5950 x 7100 mm<\/p>","protected":false},"featured_media":2442,"comment_status":"open","ping_status":"closed","template":"","meta":[],"product_brand":[],"product_cat":[21],"product_tag":[],"class_list":{"0":"post-2441","1":"product","2":"type-product","3":"status-publish","4":"has-post-thumbnail","6":"product_cat-drevene_domky","8":"first","9":"instock","10":"shipping-taxable","11":"purchasable","12":"product-type-simple"},"_links":{"self":[{"href":"https:\/\/ekochatykarpaty.cz\/sk\/wp-json\/wp\/v2\/product\/2441","targetHints":{"allow":["GET"]}}],"collection":[{"href":"https:\/\/ekochatykarpaty.cz\/sk\/wp-json\/wp\/v2\/product"}],"about":[{"href":"https:\/\/ekochatykarpaty.cz\/sk\/wp-json\/wp\/v2\/types\/product"}],"replies":[{"embeddable":true,"href":"https:\/\/ekochatykarpaty.cz\/sk\/wp-json\/wp\/v2\/comments?post=2441"}],"wp:featuredmedia":[{"embeddable":true,"href":"https:\/\/ekochatykarpaty.cz\/sk\/wp-json\/wp\/v2\/media\/2442"}],"wp:attachment":[{"href":"https:\/\/ekochatykarpaty.cz\/sk\/wp-json\/wp\/v2\/media?parent=2441"}],"wp:term":[{"taxonomy":"product_brand","embeddable":true,"href":"https:\/\/ekochatykarpaty.cz\/sk\/wp-json\/wp\/v2\/product_brand?post=2441"},{"taxonomy":"product_cat","embeddable":true,"href":"https:\/\/ekochatykarpaty.cz\/sk\/wp-json\/wp\/v2\/product_cat?post=2441"},{"taxonomy":"product_tag","embeddable":true,"href":"https:\/\/ekochatykarpaty.cz\/sk\/wp-json\/wp\/v2\/product_tag?post=2441"}],"curies":[{"name":"wp","href":"https:\/\/api.w.org\/{rel}","templated":true}]}}