{"id":2446,"date":"2026-02-17T12:24:53","date_gmt":"2026-02-17T12:24:53","guid":{"rendered":"https:\/\/ekochatykarpaty.cz\/?post_type=product&#038;p=2446"},"modified":"2026-02-22T21:30:13","modified_gmt":"2026-02-22T21:30:13","slug":"javorina","status":"publish","type":"product","link":"https:\/\/ekochatykarpaty.cz\/sk\/produkt\/javorina\/","title":{"rendered":"Javo\u0159ina"},"content":{"rendered":"<p>Model Javo\u0159ina je unik\u00e1tna poschodov\u00e1 drevostavba, ktor\u00e1 na prv\u00fd poh\u013ead zaujme svoj\u00edm architektonick\u00fdm rie\u0161en\u00edm a mimoriadnym presvetlen\u00edm. S celkovou v\u00fd\u0161kou 5,9 metra a sedlovou strechou s plochou 111 m\u00b2 ide o dominantn\u00fa stavbu, ktorej interi\u00e9r je rozdelen\u00fd do \u0161tyroch praktick\u00fdch miestnost\u00ed.<\/p>\n<p>\u00dapln\u00fdm unik\u00e1tom tohto modelu je zostava 15 okien r\u00f4znych tvarov, vr\u00e1tane \u0161iestich \u0161t\u00fdlov\u00fdch trojuholn\u00edkov\u00fdch okien v podkrov\u00ed, ktor\u00e9 chate dod\u00e1vaj\u00fa modern\u00fd vzh\u013ead a zais\u0165uj\u00fa dostatok prirodzen\u00e9ho svetla po cel\u00fd de\u0148.<\/p>\n<p>V\u0161etky okn\u00e1 aj dvere s\u00fa osaden\u00e9 kvalitn\u00fdm izola\u010dn\u00fdm dvojsklom (4-16-4) pre optim\u00e1lnu tepeln\u00fa pohodu. Vstup do chaty je rie\u0161en\u00fd kombin\u00e1ciou \u0161irok\u00fdch dvojkr\u00eddlov\u00fdch dver\u00ed a dvoch jednokr\u00eddlov\u00fdch vchodov, pri\u010dom hlavn\u00fd vstup je chr\u00e1nen\u00fd strie\u0161kou.<\/p>\n<p>Javo\u0159ina je ide\u00e1lnou vo\u013ebou pre t\u00fdch, ktor\u00ed h\u013eadaj\u00fa origin\u00e1lny dizajn a priestrann\u00e9 z\u00e1zemie z poctiv\u00e9ho mas\u00edvu.<\/p>","protected":false},"excerpt":{"rendered":"<p>\ud83d\udccf 38,8 m\u00b2 | \ud83e\uddf1 44 mm | \ud83d\udcd0 5600 x 8800 mm<\/p>","protected":false},"featured_media":2447,"comment_status":"open","ping_status":"closed","template":"","meta":[],"product_brand":[],"product_cat":[21],"product_tag":[],"class_list":{"0":"post-2446","1":"product","2":"type-product","3":"status-publish","4":"has-post-thumbnail","6":"product_cat-drevene_domky","8":"first","9":"instock","10":"shipping-taxable","11":"purchasable","12":"product-type-simple"},"_links":{"self":[{"href":"https:\/\/ekochatykarpaty.cz\/sk\/wp-json\/wp\/v2\/product\/2446","targetHints":{"allow":["GET"]}}],"collection":[{"href":"https:\/\/ekochatykarpaty.cz\/sk\/wp-json\/wp\/v2\/product"}],"about":[{"href":"https:\/\/ekochatykarpaty.cz\/sk\/wp-json\/wp\/v2\/types\/product"}],"replies":[{"embeddable":true,"href":"https:\/\/ekochatykarpaty.cz\/sk\/wp-json\/wp\/v2\/comments?post=2446"}],"wp:featuredmedia":[{"embeddable":true,"href":"https:\/\/ekochatykarpaty.cz\/sk\/wp-json\/wp\/v2\/media\/2447"}],"wp:attachment":[{"href":"https:\/\/ekochatykarpaty.cz\/sk\/wp-json\/wp\/v2\/media?parent=2446"}],"wp:term":[{"taxonomy":"product_brand","embeddable":true,"href":"https:\/\/ekochatykarpaty.cz\/sk\/wp-json\/wp\/v2\/product_brand?post=2446"},{"taxonomy":"product_cat","embeddable":true,"href":"https:\/\/ekochatykarpaty.cz\/sk\/wp-json\/wp\/v2\/product_cat?post=2446"},{"taxonomy":"product_tag","embeddable":true,"href":"https:\/\/ekochatykarpaty.cz\/sk\/wp-json\/wp\/v2\/product_tag?post=2446"}],"curies":[{"name":"wp","href":"https:\/\/api.w.org\/{rel}","templated":true}]}}