{"id":2459,"date":"2026-02-17T12:37:09","date_gmt":"2026-02-17T12:37:09","guid":{"rendered":"https:\/\/ekochatykarpaty.cz\/?post_type=product&#038;p=2459"},"modified":"2026-02-22T21:29:22","modified_gmt":"2026-02-22T21:29:22","slug":"strananka","status":"publish","type":"product","link":"https:\/\/ekochatykarpaty.cz\/sk\/produkt\/strananka\/","title":{"rendered":"Stra\u0148anka"},"content":{"rendered":"<p>Model Stra\u0148anka je modern\u00e1 pr\u00edzemn\u00e1 drevostavba s pred\u013a\u017een\u00fdm p\u00f4dorysom, ktor\u00fd pon\u00faka ve\u013emi praktick\u00e9 a logick\u00e9 usporiadanie vn\u00fatorn\u00e9ho priestoru s rozlohou 50 m\u00b2. Chata je rozdelen\u00e1 do \u0161tyroch samostatn\u00fdch miestnost\u00ed, \u010do poskytuje dostatok s\u00fakromia aj pre viac\u010dlenn\u00fa rodinu.<\/p>\n<p>V\u00fdrazn\u00fdm technick\u00fdm rysom s\u00fa nad\u0161tandardne vysok\u00e9 obvodov\u00e9 steny (2,7 m), ktor\u00e9 v kombin\u00e1cii s \u00f4smimi oknami r\u00f4znych form\u00e1tov zais\u0165uj\u00fa interi\u00e9ru maxim\u00e1lnu vzdu\u0161nos\u0165 a pr\u00edsun denn\u00e9ho svetla. V\u0161etky okn\u00e1 aj \u0161tyri dvern\u00e9 prvky s\u00fa osaden\u00e9 kvalitn\u00fdm izola\u010dn\u00fdm dvojsklom, ktor\u00e9 spolu s r\u00faben\u00fdm hranolom s hr\u00fabkou a\u017e 68 mm zaru\u010duje v\u00fdborn\u00fa tepeln\u00fa pohodu.<\/p>\n<p>Stra\u0148anka je v\u010faka svojmu nad\u010dasov\u00e9mu dizajnu a poctiv\u00e9mu spracovaniu z vysokohorsk\u00e9ho dreva ide\u00e1lnou vo\u013ebou pre celoro\u010dn\u00fa rekre\u00e1ciu aj komfortn\u00e9 z\u00e1hradn\u00e9 b\u00fdvanie.<\/p>","protected":false},"excerpt":{"rendered":"<p>\ud83d\udccf 68,5 m\u00b2 | \ud83e\uddf1 44\/68 mm | \ud83d\udcd0 5740 x 11940 mm<\/p>","protected":false},"featured_media":2462,"comment_status":"open","ping_status":"closed","template":"","meta":[],"product_brand":[],"product_cat":[21],"product_tag":[],"class_list":{"0":"post-2459","1":"product","2":"type-product","3":"status-publish","4":"has-post-thumbnail","6":"product_cat-drevene_domky","8":"first","9":"instock","10":"shipping-taxable","11":"purchasable","12":"product-type-simple"},"_links":{"self":[{"href":"https:\/\/ekochatykarpaty.cz\/sk\/wp-json\/wp\/v2\/product\/2459","targetHints":{"allow":["GET"]}}],"collection":[{"href":"https:\/\/ekochatykarpaty.cz\/sk\/wp-json\/wp\/v2\/product"}],"about":[{"href":"https:\/\/ekochatykarpaty.cz\/sk\/wp-json\/wp\/v2\/types\/product"}],"replies":[{"embeddable":true,"href":"https:\/\/ekochatykarpaty.cz\/sk\/wp-json\/wp\/v2\/comments?post=2459"}],"wp:featuredmedia":[{"embeddable":true,"href":"https:\/\/ekochatykarpaty.cz\/sk\/wp-json\/wp\/v2\/media\/2462"}],"wp:attachment":[{"href":"https:\/\/ekochatykarpaty.cz\/sk\/wp-json\/wp\/v2\/media?parent=2459"}],"wp:term":[{"taxonomy":"product_brand","embeddable":true,"href":"https:\/\/ekochatykarpaty.cz\/sk\/wp-json\/wp\/v2\/product_brand?post=2459"},{"taxonomy":"product_cat","embeddable":true,"href":"https:\/\/ekochatykarpaty.cz\/sk\/wp-json\/wp\/v2\/product_cat?post=2459"},{"taxonomy":"product_tag","embeddable":true,"href":"https:\/\/ekochatykarpaty.cz\/sk\/wp-json\/wp\/v2\/product_tag?post=2459"}],"curies":[{"name":"wp","href":"https:\/\/api.w.org\/{rel}","templated":true}]}}