{"id":2466,"date":"2026-02-17T12:41:38","date_gmt":"2026-02-17T12:41:38","guid":{"rendered":"https:\/\/ekochatykarpaty.cz\/?post_type=product&#038;p=2466"},"modified":"2026-03-29T13:48:17","modified_gmt":"2026-03-29T13:48:17","slug":"kvetna","status":"publish","type":"product","link":"https:\/\/ekochatykarpaty.cz\/sk\/produkt\/kvetna\/","title":{"rendered":"Kv\u011btn\u00e1"},"content":{"rendered":"<p>Model Kv\u011btn\u00e1 je synonymom pre pohodlie a praktickos\u0165 na jednej \u00farovni. S celkovou zastavanou plochou 54,6 m\u00b2 pon\u00faka t\u00e1to pr\u00edzemn\u00e1 drevostavba vyv\u00e1\u017een\u00fa dispoz\u00edciu \u0161tyroch miestnost\u00ed, ktor\u00e9 s\u00fa v\u010faka v\u00fd\u0161ke hrebe\u0148a 3,55 m ve\u013emi vzdu\u0161n\u00e9.<\/p>\n<p>V\u00fdrazn\u00fdm prvkom je zostava \u00f4smich okien, ktor\u00e1 zah\u0155\u0148a aj ve\u013ekorys\u00e9 presklen\u00e9 plochy s v\u00fd\u0161kou 198 cm, \u010d\u00edm doch\u00e1dza k maxim\u00e1lnemu prepojeniu interi\u00e9ru s okolitou pr\u00edrodou. Robustn\u00e9 steny z r\u00faben\u00e9ho hranola (volite\u013ene a\u017e 68 mm) a stre\u0161n\u00fd z\u00e1klop z 19 mm tatransk\u00e9ho profilu (paluboviek) zais\u0165uj\u00fa stabilitu a dlh\u00fa \u017eivotnos\u0165 stavby.<\/p>\n<p>So \u0161tyrmi vstupmi a kvalitn\u00fdm izola\u010dn\u00fdm dvojsklom v dreven\u00fdch r\u00e1moch je Kv\u011btn\u00e1 ide\u00e1lnou vo\u013ebou pre t\u00fdch, ktor\u00ed h\u013eadaj\u00fa bezbari\u00e9rov\u00e9 a presvetlen\u00e9 b\u00fdvanie z poctiv\u00e9ho vysokohorsk\u00e9ho smreka.<\/p>","protected":false},"excerpt":{"rendered":"<p>\ud83d\udccf 54,6 m\u00b2 | \ud83e\uddf1 44\/68 mm | \ud83d\udcd0 5960 x 9160 mm<\/p>","protected":false},"featured_media":2470,"comment_status":"open","ping_status":"closed","template":"","meta":[],"product_brand":[],"product_cat":[21],"product_tag":[],"class_list":{"0":"post-2466","1":"product","2":"type-product","3":"status-publish","4":"has-post-thumbnail","6":"product_cat-drevene_domky","8":"first","9":"instock","10":"shipping-taxable","11":"purchasable","12":"product-type-simple"},"_links":{"self":[{"href":"https:\/\/ekochatykarpaty.cz\/sk\/wp-json\/wp\/v2\/product\/2466","targetHints":{"allow":["GET"]}}],"collection":[{"href":"https:\/\/ekochatykarpaty.cz\/sk\/wp-json\/wp\/v2\/product"}],"about":[{"href":"https:\/\/ekochatykarpaty.cz\/sk\/wp-json\/wp\/v2\/types\/product"}],"replies":[{"embeddable":true,"href":"https:\/\/ekochatykarpaty.cz\/sk\/wp-json\/wp\/v2\/comments?post=2466"}],"wp:featuredmedia":[{"embeddable":true,"href":"https:\/\/ekochatykarpaty.cz\/sk\/wp-json\/wp\/v2\/media\/2470"}],"wp:attachment":[{"href":"https:\/\/ekochatykarpaty.cz\/sk\/wp-json\/wp\/v2\/media?parent=2466"}],"wp:term":[{"taxonomy":"product_brand","embeddable":true,"href":"https:\/\/ekochatykarpaty.cz\/sk\/wp-json\/wp\/v2\/product_brand?post=2466"},{"taxonomy":"product_cat","embeddable":true,"href":"https:\/\/ekochatykarpaty.cz\/sk\/wp-json\/wp\/v2\/product_cat?post=2466"},{"taxonomy":"product_tag","embeddable":true,"href":"https:\/\/ekochatykarpaty.cz\/sk\/wp-json\/wp\/v2\/product_tag?post=2466"}],"curies":[{"name":"wp","href":"https:\/\/api.w.org\/{rel}","templated":true}]}}