{"id":2480,"date":"2026-02-17T12:58:10","date_gmt":"2026-02-17T12:58:10","guid":{"rendered":"https:\/\/ekochatykarpaty.cz\/?post_type=product&#038;p=2480"},"modified":"2026-02-22T21:23:40","modified_gmt":"2026-02-22T21:23:40","slug":"kopanicarka","status":"publish","type":"product","link":"https:\/\/ekochatykarpaty.cz\/sk\/produkt\/kopanicarka\/","title":{"rendered":"Kopani\u010d\u00e1\u0159ka"},"content":{"rendered":"<p>Model Kopani\u010diarka je ide\u00e1lnym spojen\u00edm kompaktn\u00fdch rozmerov a vysok\u00e9ho u\u017e\u00edvate\u013esk\u00e9ho komfortu. Na zastavanej ploche 41,3 m\u00b2 pon\u00faka premyslen\u00fa dispoz\u00edciu troch miestnost\u00ed, ktor\u00e9 dop\u013a\u0148a ve\u013ekorys\u00e1 terasa s rozlohou 11 m\u00b2, stvoren\u00e1 na vonkaj\u0161iu relax\u00e1ciu.<\/p>\n<p>Architektonicky zauj\u00edmav\u00e9 rie\u0161enie s premenlivou v\u00fd\u0161kou obvodov\u00fdch stien (2,3 a\u017e 2,7 m) dod\u00e1va interi\u00e9ru dynamiku a modern\u00fd r\u00e1z. Chata je osaden\u00e1 \u0161iestimi oknami r\u00f4znych form\u00e1tov a \u0161tyrmi dvern\u00fdmi vstupmi, vr\u00e1tane \u0161irok\u00e9ho presklenia, \u010do zais\u0165uje plynul\u00e9 prepojenie s okolitou z\u00e1hradou.<\/p>\n<p>Mas\u00edvna r\u00faben\u00e1 kon\u0161trukcia z vysokohorsk\u00e9ho smreka v kombin\u00e1cii s izola\u010dn\u00fdmi dvojsklami v dreven\u00fdch r\u00e1moch garantuje vynikaj\u00facu stabilitu a dlh\u00fa \u017eivotnos\u0165. Kopani\u010diarka je perfektnou vo\u013ebou pre t\u00fdch, ktor\u00ed h\u013eadaj\u00fa \u0161t\u00fdlov\u00e9 rekrea\u010dn\u00e9 s\u00eddlo s d\u00f4razom na prepojenie vn\u00fatorn\u00e9ho a vonkaj\u0161ieho priestoru.<\/p>","protected":false},"excerpt":{"rendered":"<p>\ud83d\udccf 41,3 m\u00b2 | \ud83e\uddf1 44\/68 mm | \ud83d\udcd0 5340 x 7740 mm<\/p>","protected":false},"featured_media":2482,"comment_status":"open","ping_status":"closed","template":"","meta":[],"product_brand":[],"product_cat":[22],"product_tag":[],"class_list":{"0":"post-2480","1":"product","2":"type-product","3":"status-publish","4":"has-post-thumbnail","6":"product_cat-rekreacni_chaty","8":"first","9":"instock","10":"shipping-taxable","11":"purchasable","12":"product-type-simple"},"_links":{"self":[{"href":"https:\/\/ekochatykarpaty.cz\/sk\/wp-json\/wp\/v2\/product\/2480","targetHints":{"allow":["GET"]}}],"collection":[{"href":"https:\/\/ekochatykarpaty.cz\/sk\/wp-json\/wp\/v2\/product"}],"about":[{"href":"https:\/\/ekochatykarpaty.cz\/sk\/wp-json\/wp\/v2\/types\/product"}],"replies":[{"embeddable":true,"href":"https:\/\/ekochatykarpaty.cz\/sk\/wp-json\/wp\/v2\/comments?post=2480"}],"wp:featuredmedia":[{"embeddable":true,"href":"https:\/\/ekochatykarpaty.cz\/sk\/wp-json\/wp\/v2\/media\/2482"}],"wp:attachment":[{"href":"https:\/\/ekochatykarpaty.cz\/sk\/wp-json\/wp\/v2\/media?parent=2480"}],"wp:term":[{"taxonomy":"product_brand","embeddable":true,"href":"https:\/\/ekochatykarpaty.cz\/sk\/wp-json\/wp\/v2\/product_brand?post=2480"},{"taxonomy":"product_cat","embeddable":true,"href":"https:\/\/ekochatykarpaty.cz\/sk\/wp-json\/wp\/v2\/product_cat?post=2480"},{"taxonomy":"product_tag","embeddable":true,"href":"https:\/\/ekochatykarpaty.cz\/sk\/wp-json\/wp\/v2\/product_tag?post=2480"}],"curies":[{"name":"wp","href":"https:\/\/api.w.org\/{rel}","templated":true}]}}