{"id":2488,"date":"2026-02-17T13:03:34","date_gmt":"2026-02-17T13:03:34","guid":{"rendered":"https:\/\/ekochatykarpaty.cz\/?post_type=product&#038;p=2488"},"modified":"2026-02-22T21:21:55","modified_gmt":"2026-02-22T21:21:55","slug":"kukacka","status":"publish","type":"product","link":"https:\/\/ekochatykarpaty.cz\/sk\/produkt\/kukacka\/","title":{"rendered":"Kuka\u010dka"},"content":{"rendered":"<p>Model Kuka\u010dka je d\u00f4myselne navrhnut\u00e1 poschodov\u00e1 drevostavba, ktor\u00e1 na kompaktnej zastavanej ploche 42,6 m\u00b2 dok\u00e1\u017ee v\u010faka vyu\u017eitiu podkrovia pon\u00faknu\u0165 ve\u013ekorys\u00fdch 61,5 m\u00b2 obytnej plochy.<\/p>\n<p>S impozantnou v\u00fd\u0161kou hrebe\u0148a 4,6 m a vysok\u00fdmi obvodov\u00fdmi stenami (2,7 m) p\u00f4sob\u00ed interi\u00e9r ve\u013emi priestranne a pon\u00faka komfortn\u00e9 z\u00e1zemie v \u0161tyroch samostatn\u00fdch miestnostiach. Chata vynik\u00e1 bohat\u00fdm presklen\u00edm \u2013 zostava 10 okien r\u00f4znych form\u00e1tov zais\u0165uje dokonal\u00fd pr\u00edsun svetla do v\u0161etk\u00fdch k\u00fatov domu. Mas\u00edvna r\u00faben\u00e1 kon\u0161trukcia a okn\u00e1 s izola\u010dn\u00fdm dvojsklom v drevenom r\u00e1me s\u00fa z\u00e1rukou stability a v\u00fdborn\u00fdch izola\u010dn\u00fdch vlastnost\u00ed.<\/p>\n<p>Kuka\u010dka je ide\u00e1lnou vo\u013ebou pre rodiny, ktor\u00e9 h\u013eadaj\u00fa maximum \u00fa\u017eitkov\u00e9ho priestoru a kvalitu poctiv\u00e9ho vysokohorsk\u00e9ho smreka na men\u0161om p\u00f4doryse.<\/p>","protected":false},"excerpt":{"rendered":"<p>\ud83d\udccf 61,5 m\u00b2 | \ud83e\uddf1 44\/68 mm | \ud83d\udcd0 5760 x 7400 mm<\/p>","protected":false},"featured_media":2494,"comment_status":"open","ping_status":"closed","template":"","meta":[],"product_brand":[],"product_cat":[22],"product_tag":[],"class_list":{"0":"post-2488","1":"product","2":"type-product","3":"status-publish","4":"has-post-thumbnail","6":"product_cat-rekreacni_chaty","8":"first","9":"instock","10":"shipping-taxable","11":"purchasable","12":"product-type-simple"},"_links":{"self":[{"href":"https:\/\/ekochatykarpaty.cz\/sk\/wp-json\/wp\/v2\/product\/2488","targetHints":{"allow":["GET"]}}],"collection":[{"href":"https:\/\/ekochatykarpaty.cz\/sk\/wp-json\/wp\/v2\/product"}],"about":[{"href":"https:\/\/ekochatykarpaty.cz\/sk\/wp-json\/wp\/v2\/types\/product"}],"replies":[{"embeddable":true,"href":"https:\/\/ekochatykarpaty.cz\/sk\/wp-json\/wp\/v2\/comments?post=2488"}],"wp:featuredmedia":[{"embeddable":true,"href":"https:\/\/ekochatykarpaty.cz\/sk\/wp-json\/wp\/v2\/media\/2494"}],"wp:attachment":[{"href":"https:\/\/ekochatykarpaty.cz\/sk\/wp-json\/wp\/v2\/media?parent=2488"}],"wp:term":[{"taxonomy":"product_brand","embeddable":true,"href":"https:\/\/ekochatykarpaty.cz\/sk\/wp-json\/wp\/v2\/product_brand?post=2488"},{"taxonomy":"product_cat","embeddable":true,"href":"https:\/\/ekochatykarpaty.cz\/sk\/wp-json\/wp\/v2\/product_cat?post=2488"},{"taxonomy":"product_tag","embeddable":true,"href":"https:\/\/ekochatykarpaty.cz\/sk\/wp-json\/wp\/v2\/product_tag?post=2488"}],"curies":[{"name":"wp","href":"https:\/\/api.w.org\/{rel}","templated":true}]}}