{"id":2501,"date":"2026-02-17T13:11:10","date_gmt":"2026-02-17T13:11:10","guid":{"rendered":"https:\/\/ekochatykarpaty.cz\/?post_type=product&#038;p=2501"},"modified":"2026-03-07T17:54:01","modified_gmt":"2026-03-07T17:54:01","slug":"albert","status":"publish","type":"product","link":"https:\/\/ekochatykarpaty.cz\/sk\/produkt\/albert\/","title":{"rendered":"Albert"},"content":{"rendered":"<p data-start=\"24\" data-end=\"288\">Albert je z\u00e1hradn\u00fd wellness dom\u010dek s preh\u013eadne rie\u0161enou dispoz\u00edciou, ktor\u00e1 odde\u013euje jednotliv\u00e9 \u010dasti pre pohodln\u00e9 saunovanie aj n\u00e1sledn\u00fd odpo\u010dinok. Interi\u00e9r tvor\u00ed hlavn\u00e1 odpo\u010dinkov\u00e1 miestnos\u0165 s plochou 6,9 m\u00b2, na ktor\u00fa nadv\u00e4zuje saunov\u00e1 \u010das\u0165 s ve\u013ekos\u0165ou 3,0 m\u00b2.<\/p>\n<p data-start=\"290\" data-end=\"584\">S\u00fa\u010das\u0165ou dispoz\u00edcie je tie\u017e men\u0161ia vstupn\u00e1 miestnos\u0165 s plochou 1,7 m\u00b2, ktor\u00e1 vytv\u00e1ra praktick\u00e9 z\u00e1zemie pred vstupom do sauny, a kryt\u00fd vstupn\u00fd priestor s ve\u013ekos\u0165ou 3,8 m\u00b2.<\/p>\n<p data-start=\"290\" data-end=\"584\">V\u010faka tomuto usporiadaniu pon\u00faka model Albert logicky rozdelen\u00fd priestor pre relax\u00e1ciu aj saunovanie v prostred\u00ed vlastnej z\u00e1hrady.<\/p>","protected":false},"excerpt":{"rendered":"<p>Albert je zahradn\u00ed wellness domek s p\u0159ehledn\u011b \u0159e\u0161enou dispozic\u00ed, kter\u00e1 odd\u011bluje jednotliv\u00e9 \u010d\u00e1sti pro pohodln\u00e9 saunov\u00e1n\u00ed i n\u00e1sledn\u00fd odpo\u010dinek. Interi\u00e9r tvo\u0159\u00ed hlavn\u00ed odpo\u010dinkov\u00e1 m\u00edstnost o plo\u0161e 6,9 m\u00b2, na kterou navazuje saunov\u00e1 \u010d\u00e1st o velikosti 3,0 m\u00b2. Sou\u010d\u00e1st\u00ed dispozice je tak\u00e9 men\u0161\u00ed vstupn\u00ed m\u00edstnost o plo\u0161e 1,7 m\u00b2, kter\u00e1 vytv\u00e1\u0159\u00ed praktick\u00e9 z\u00e1zem\u00ed p\u0159ed vstupem do [&hellip;]<\/p>\n","protected":false},"featured_media":2504,"comment_status":"open","ping_status":"closed","template":"","meta":[],"product_brand":[],"product_cat":[24],"product_tag":[],"class_list":{"0":"post-2501","1":"product","2":"type-product","3":"status-publish","4":"has-post-thumbnail","6":"product_cat-sauny","8":"first","9":"instock","10":"shipping-taxable","11":"purchasable","12":"product-type-simple"},"_links":{"self":[{"href":"https:\/\/ekochatykarpaty.cz\/sk\/wp-json\/wp\/v2\/product\/2501","targetHints":{"allow":["GET"]}}],"collection":[{"href":"https:\/\/ekochatykarpaty.cz\/sk\/wp-json\/wp\/v2\/product"}],"about":[{"href":"https:\/\/ekochatykarpaty.cz\/sk\/wp-json\/wp\/v2\/types\/product"}],"replies":[{"embeddable":true,"href":"https:\/\/ekochatykarpaty.cz\/sk\/wp-json\/wp\/v2\/comments?post=2501"}],"wp:featuredmedia":[{"embeddable":true,"href":"https:\/\/ekochatykarpaty.cz\/sk\/wp-json\/wp\/v2\/media\/2504"}],"wp:attachment":[{"href":"https:\/\/ekochatykarpaty.cz\/sk\/wp-json\/wp\/v2\/media?parent=2501"}],"wp:term":[{"taxonomy":"product_brand","embeddable":true,"href":"https:\/\/ekochatykarpaty.cz\/sk\/wp-json\/wp\/v2\/product_brand?post=2501"},{"taxonomy":"product_cat","embeddable":true,"href":"https:\/\/ekochatykarpaty.cz\/sk\/wp-json\/wp\/v2\/product_cat?post=2501"},{"taxonomy":"product_tag","embeddable":true,"href":"https:\/\/ekochatykarpaty.cz\/sk\/wp-json\/wp\/v2\/product_tag?post=2501"}],"curies":[{"name":"wp","href":"https:\/\/api.w.org\/{rel}","templated":true}]}}