{"id":2507,"date":"2026-02-17T13:18:23","date_gmt":"2026-02-17T13:18:23","guid":{"rendered":"https:\/\/ekochatykarpaty.cz\/?post_type=product&#038;p=2507"},"modified":"2026-03-07T17:56:05","modified_gmt":"2026-03-07T17:56:05","slug":"petr","status":"publish","type":"product","link":"https:\/\/ekochatykarpaty.cz\/sk\/produkt\/petr\/","title":{"rendered":"Petr"},"content":{"rendered":"<p data-start=\"734\" data-end=\"981\">Petr je kompaktn\u00fd z\u00e1hradn\u00fd wellness dom\u010dek s preh\u013eadne rie\u0161enou dispoz\u00edciou. Interi\u00e9r je rozdelen\u00fd na saunov\u00fa miestnos\u0165 s plochou 5,3 m\u00b2 a odpo\u010dinkov\u00fd priestor s ve\u013ekos\u0165ou 5,9 m\u00b2, ktor\u00fd vytv\u00e1ra pr\u00edjemn\u00e9 z\u00e1zemie pre relax\u00e1ciu pred saunovan\u00edm aj po \u0148om.<\/p>\n<p data-start=\"983\" data-end=\"1225\">S\u00fa\u010das\u0165ou dispoz\u00edcie je tie\u017e men\u0161ia vstupn\u00e1 miestnos\u0165 s plochou 2,8 m\u00b2, ktor\u00e1 prirodzene odde\u013euje jednotliv\u00e9 \u010dasti interi\u00e9ru.<\/p>\n<p data-start=\"983\" data-end=\"1225\">V\u010faka tomuto praktick\u00e9mu usporiadaniu pon\u00faka model Petr pohodln\u00e9 z\u00e1zemie pre pravideln\u00fd odpo\u010dinok priamo na vlastnej z\u00e1hrade.<\/p>","protected":false},"excerpt":{"rendered":"<p>Petr je kompaktn\u00ed zahradn\u00ed wellness domek s p\u0159ehledn\u011b \u0159e\u0161enou dispozic\u00ed. Interi\u00e9r je rozd\u011blen na saunovou m\u00edstnost o plo\u0161e 5,3 m\u00b2 a odpo\u010dinkov\u00fd prostor o velikosti 5,9 m\u00b2, kter\u00fd vytv\u00e1\u0159\u00ed p\u0159\u00edjemn\u00e9 z\u00e1zem\u00ed pro relaxaci p\u0159ed i po saunov\u00e1n\u00ed. Sou\u010d\u00e1st\u00ed dispozice je tak\u00e9 men\u0161\u00ed vstupn\u00ed m\u00edstnost o plo\u0161e 2,8 m\u00b2, kter\u00e1 p\u0159irozen\u011b odd\u011bluje jednotliv\u00e9 \u010d\u00e1sti interi\u00e9ru. D\u00edky [&hellip;]<\/p>\n","protected":false},"featured_media":2509,"comment_status":"open","ping_status":"closed","template":"","meta":[],"product_brand":[],"product_cat":[24],"product_tag":[],"class_list":{"0":"post-2507","1":"product","2":"type-product","3":"status-publish","4":"has-post-thumbnail","6":"product_cat-sauny","8":"first","9":"instock","10":"shipping-taxable","11":"purchasable","12":"product-type-simple"},"_links":{"self":[{"href":"https:\/\/ekochatykarpaty.cz\/sk\/wp-json\/wp\/v2\/product\/2507","targetHints":{"allow":["GET"]}}],"collection":[{"href":"https:\/\/ekochatykarpaty.cz\/sk\/wp-json\/wp\/v2\/product"}],"about":[{"href":"https:\/\/ekochatykarpaty.cz\/sk\/wp-json\/wp\/v2\/types\/product"}],"replies":[{"embeddable":true,"href":"https:\/\/ekochatykarpaty.cz\/sk\/wp-json\/wp\/v2\/comments?post=2507"}],"wp:featuredmedia":[{"embeddable":true,"href":"https:\/\/ekochatykarpaty.cz\/sk\/wp-json\/wp\/v2\/media\/2509"}],"wp:attachment":[{"href":"https:\/\/ekochatykarpaty.cz\/sk\/wp-json\/wp\/v2\/media?parent=2507"}],"wp:term":[{"taxonomy":"product_brand","embeddable":true,"href":"https:\/\/ekochatykarpaty.cz\/sk\/wp-json\/wp\/v2\/product_brand?post=2507"},{"taxonomy":"product_cat","embeddable":true,"href":"https:\/\/ekochatykarpaty.cz\/sk\/wp-json\/wp\/v2\/product_cat?post=2507"},{"taxonomy":"product_tag","embeddable":true,"href":"https:\/\/ekochatykarpaty.cz\/sk\/wp-json\/wp\/v2\/product_tag?post=2507"}],"curies":[{"name":"wp","href":"https:\/\/api.w.org\/{rel}","templated":true}]}}