{"id":2514,"date":"2026-02-17T13:23:29","date_gmt":"2026-02-17T13:23:29","guid":{"rendered":"https:\/\/ekochatykarpaty.cz\/?post_type=product&#038;p=2514"},"modified":"2026-03-07T17:43:14","modified_gmt":"2026-03-07T17:43:14","slug":"dasa","status":"publish","type":"product","link":"https:\/\/ekochatykarpaty.cz\/sk\/produkt\/dasa\/","title":{"rendered":"D\u00e1\u0161a"},"content":{"rendered":"<p data-start=\"0\" data-end=\"285\">D\u00e1\u0161a je z\u00e1hradn\u00fd wellness dom\u010dek navrhnut\u00fd ako pr\u00edjemn\u00e9 miesto na odpo\u010dinok aj saunovanie. Dispoz\u00edcia stavby je rozdelen\u00e1 na saunov\u00fa \u010das\u0165 s plochou 6,9 m\u00b2 a samostatn\u00fa odpo\u010dinkov\u00fa miestnos\u0165 s ve\u013ekos\u0165ou 8,5 m\u00b2, ktor\u00e1 poskytuje dostatok priestoru na relax\u00e1ciu pred saunovan\u00edm aj po \u0148om.<\/p>\n<p data-start=\"287\" data-end=\"586\">Na interi\u00e9r plynule nadv\u00e4zuje kryt\u00e1 terasa s rozlohou 10,3 m\u00b2, ktor\u00e1 vytv\u00e1ra pr\u00edjemn\u00e9 vonkaj\u0161ie z\u00e1zemie na ochladenie na \u010derstvom vzduchu alebo pokojn\u00e9 posedenie. V\u010faka praktick\u00e9mu dispozi\u010dn\u00e9mu rie\u0161eniu pon\u00faka model D\u00e1\u0161a vyv\u00e1\u017een\u00fa kombin\u00e1ciu saunovej \u010dasti, odpo\u010dinkov\u00e9ho priestoru aj vonkaj\u0161ej relaxa\u010dnej z\u00f3ny.<\/p>\n<p data-start=\"588\" data-end=\"733\" data-is-last-node=\"\" data-is-only-node=\"\">Tento model predstavuje funk\u010dn\u00e9 a z\u00e1rove\u0148 estetick\u00e9 rie\u0161enie, ktor\u00e9 prirodzene zapadne do z\u00e1hrady a vytvor\u00ed pr\u00edjemn\u00e9 miesto na pravideln\u00fd odpo\u010dinok.<\/p>","protected":false},"excerpt":{"rendered":"<p>D\u00e1\u0161a je zahradn\u00ed wellness domek navr\u017een\u00fd jako p\u0159\u00edjemn\u00e9 m\u00edsto pro odpo\u010dinek i saunov\u00e1n\u00ed. Dispozice stavby je rozd\u011blena na saunovou \u010d\u00e1st o plo\u0161e 6,9 m\u00b2 a samostatnou odpo\u010dinkovou m\u00edstnost o velikosti 8,5 m\u00b2, kter\u00e1 poskytuje dostatek prostoru pro relaxaci p\u0159ed i po saunov\u00e1n\u00ed. Na interi\u00e9r plynule navazuje kryt\u00e1 terasa o rozloze 10,3 m\u00b2, kter\u00e1 vytv\u00e1\u0159\u00ed p\u0159\u00edjemn\u00e9 [&hellip;]<\/p>\n","protected":false},"featured_media":2516,"comment_status":"open","ping_status":"closed","template":"","meta":[],"product_brand":[],"product_cat":[24],"product_tag":[],"class_list":{"0":"post-2514","1":"product","2":"type-product","3":"status-publish","4":"has-post-thumbnail","6":"product_cat-sauny","8":"first","9":"instock","10":"shipping-taxable","11":"purchasable","12":"product-type-simple"},"_links":{"self":[{"href":"https:\/\/ekochatykarpaty.cz\/sk\/wp-json\/wp\/v2\/product\/2514","targetHints":{"allow":["GET"]}}],"collection":[{"href":"https:\/\/ekochatykarpaty.cz\/sk\/wp-json\/wp\/v2\/product"}],"about":[{"href":"https:\/\/ekochatykarpaty.cz\/sk\/wp-json\/wp\/v2\/types\/product"}],"replies":[{"embeddable":true,"href":"https:\/\/ekochatykarpaty.cz\/sk\/wp-json\/wp\/v2\/comments?post=2514"}],"wp:featuredmedia":[{"embeddable":true,"href":"https:\/\/ekochatykarpaty.cz\/sk\/wp-json\/wp\/v2\/media\/2516"}],"wp:attachment":[{"href":"https:\/\/ekochatykarpaty.cz\/sk\/wp-json\/wp\/v2\/media?parent=2514"}],"wp:term":[{"taxonomy":"product_brand","embeddable":true,"href":"https:\/\/ekochatykarpaty.cz\/sk\/wp-json\/wp\/v2\/product_brand?post=2514"},{"taxonomy":"product_cat","embeddable":true,"href":"https:\/\/ekochatykarpaty.cz\/sk\/wp-json\/wp\/v2\/product_cat?post=2514"},{"taxonomy":"product_tag","embeddable":true,"href":"https:\/\/ekochatykarpaty.cz\/sk\/wp-json\/wp\/v2\/product_tag?post=2514"}],"curies":[{"name":"wp","href":"https:\/\/api.w.org\/{rel}","templated":true}]}}