{"id":2518,"date":"2026-02-17T13:26:35","date_gmt":"2026-02-17T13:26:35","guid":{"rendered":"https:\/\/ekochatykarpaty.cz\/?post_type=product&#038;p=2518"},"modified":"2026-03-07T17:26:47","modified_gmt":"2026-03-07T17:26:47","slug":"sauna-s","status":"publish","type":"product","link":"https:\/\/ekochatykarpaty.cz\/sk\/produkt\/sauna-s\/","title":{"rendered":"Sauna S"},"content":{"rendered":"<p data-start=\"0\" data-end=\"248\">Sauna S je kompaktn\u00e1 z\u00e1hradn\u00e1 sauna navrhnut\u00e1 pre t\u00fdch, ktor\u00ed chc\u00fa dopria\u0165 svojej z\u00e1hrade autentick\u00fd wellness z\u00e1\u017eitok aj na men\u0161ej ploche. V\u010faka p\u00f4dorysu 2 \u00d7 2 metre pon\u00faka prakticky rie\u0161en\u00fd interi\u00e9r, ktor\u00fd efekt\u00edvne vyu\u017e\u00edva ka\u017ed\u00fd centimeter priestoru.<\/p>\n<p data-start=\"250\" data-end=\"428\">Vn\u00fatorn\u00e1 \u010das\u0165 je navrhnut\u00e1 s rohov\u00fdm usporiadan\u00edm lav\u00edc, ktor\u00e9 vytv\u00e1ra pr\u00edjemn\u00fa relaxa\u010dn\u00fa z\u00f3nu pre saunovanie a z\u00e1rove\u0148 zachov\u00e1va dostatok miesta pre pohodln\u00fd pohyb vo vn\u00fatri sauny.<\/p>\n<p data-start=\"430\" data-end=\"586\" data-is-last-node=\"\" data-is-only-node=\"\">V\u010faka jednoduch\u00e9mu \u0161tvorcov\u00e9mu p\u00f4dorysu a \u010dist\u00e9mu dispozi\u010dn\u00e9mu rie\u0161eniu sa Sauna S stane praktick\u00fdm a prirodzen\u00fdm doplnkom ka\u017edej z\u00e1hrady \u010di odpo\u010dinkov\u00e9ho k\u00fata.<\/p>","protected":false},"excerpt":{"rendered":"<p>Sauna S je kompaktn\u00ed zahradn\u00ed sauna navr\u017een\u00e1 pro ty, kte\u0159\u00ed cht\u011bj\u00ed dop\u0159\u00e1t sv\u00e9 zahrad\u011b autentick\u00fd wellness z\u00e1\u017eitek i na men\u0161\u00ed plo\u0161e. D\u00edky p\u016fdorysu 2 \u00d7 2 metry nab\u00edz\u00ed prakticky \u0159e\u0161en\u00fd interi\u00e9r, kter\u00fd efektivn\u011b vyu\u017e\u00edv\u00e1 ka\u017ed\u00fd centimetr prostoru. Vnit\u0159n\u00ed \u010d\u00e1st je navr\u017eena s rohov\u00fdm uspo\u0159\u00e1d\u00e1n\u00edm lavic, kter\u00e9 vytv\u00e1\u0159\u00ed p\u0159\u00edjemnou relaxa\u010dn\u00ed z\u00f3nu pro saunov\u00e1n\u00ed a z\u00e1rove\u0148 zachov\u00e1v\u00e1 [&hellip;]<\/p>\n","protected":false},"featured_media":2521,"comment_status":"open","ping_status":"closed","template":"","meta":[],"product_brand":[],"product_cat":[24],"product_tag":[],"class_list":{"0":"post-2518","1":"product","2":"type-product","3":"status-publish","4":"has-post-thumbnail","6":"product_cat-sauny","8":"first","9":"instock","10":"shipping-taxable","11":"purchasable","12":"product-type-simple"},"_links":{"self":[{"href":"https:\/\/ekochatykarpaty.cz\/sk\/wp-json\/wp\/v2\/product\/2518","targetHints":{"allow":["GET"]}}],"collection":[{"href":"https:\/\/ekochatykarpaty.cz\/sk\/wp-json\/wp\/v2\/product"}],"about":[{"href":"https:\/\/ekochatykarpaty.cz\/sk\/wp-json\/wp\/v2\/types\/product"}],"replies":[{"embeddable":true,"href":"https:\/\/ekochatykarpaty.cz\/sk\/wp-json\/wp\/v2\/comments?post=2518"}],"wp:featuredmedia":[{"embeddable":true,"href":"https:\/\/ekochatykarpaty.cz\/sk\/wp-json\/wp\/v2\/media\/2521"}],"wp:attachment":[{"href":"https:\/\/ekochatykarpaty.cz\/sk\/wp-json\/wp\/v2\/media?parent=2518"}],"wp:term":[{"taxonomy":"product_brand","embeddable":true,"href":"https:\/\/ekochatykarpaty.cz\/sk\/wp-json\/wp\/v2\/product_brand?post=2518"},{"taxonomy":"product_cat","embeddable":true,"href":"https:\/\/ekochatykarpaty.cz\/sk\/wp-json\/wp\/v2\/product_cat?post=2518"},{"taxonomy":"product_tag","embeddable":true,"href":"https:\/\/ekochatykarpaty.cz\/sk\/wp-json\/wp\/v2\/product_tag?post=2518"}],"curies":[{"name":"wp","href":"https:\/\/api.w.org\/{rel}","templated":true}]}}