{"id":2524,"date":"2026-02-17T13:28:52","date_gmt":"2026-02-17T13:28:52","guid":{"rendered":"https:\/\/ekochatykarpaty.cz\/?post_type=product&#038;p=2524"},"modified":"2026-02-22T21:18:13","modified_gmt":"2026-02-22T21:18:13","slug":"sauna-m","status":"publish","type":"product","link":"https:\/\/ekochatykarpaty.cz\/sk\/produkt\/sauna-m\/","title":{"rendered":"Sauna M"},"content":{"rendered":"<p>Sauna M predstavuje dokonal\u00fa kombin\u00e1ciu wellness z\u00e1\u017eitku a modernej z\u00e1hradnej architekt\u00fary. Tento model vynik\u00e1 premyslen\u00fdm rozdelen\u00edm plochy, kde vn\u00fatorn\u00e1 saunov\u00e1 \u010das\u0165 s rozlohou 4,4 m\u00b2 plynule nadv\u00e4zuje na priestrann\u00fa kryt\u00fa terasu s plochou 9,8 m\u00b2, ktor\u00e1 sl\u00fa\u017ei ako ide\u00e1lna odpo\u010div\u00e1re\u0148 po saunovan\u00ed.<\/p>\n<p>Celopresklen\u00e9 okno s rozmermi 198 x 150 cm zais\u0165uje po\u010das relax\u00e1cie neru\u0161en\u00fd v\u00fdh\u013ead do z\u00e1hrady a dod\u00e1va interi\u00e9ru modern\u00fd, vzdu\u0161n\u00fd vzh\u013ead. Kon\u0161trukcia zo 44 mm r\u00faben\u00e9ho hranola z vysokohorsk\u00e9ho smreka spolu s izola\u010dn\u00fdm dvojsklom zaru\u010duje optim\u00e1lne udr\u017eanie tepla a dlh\u00fa \u017eivotnos\u0165 stavby.<\/p>\n<p>So svojou kompaktnou v\u00fd\u0161kou 2,7 metra a \u010dist\u00fdmi l\u00edniami sa Sauna M stane luxusn\u00fdm a funk\u010dn\u00fdm doplnkom ak\u00e9hoko\u013evek exteri\u00e9ru.<\/p>","protected":false},"excerpt":{"rendered":"<p>\ud83d\udccf 14,2 m\u00b2 | \ud83e\uddf1 44 mm | \ud83d\udcd0 5090 x 2790 mm<\/p>","protected":false},"featured_media":2527,"comment_status":"open","ping_status":"closed","template":"","meta":[],"product_brand":[],"product_cat":[24],"product_tag":[],"class_list":{"0":"post-2524","1":"product","2":"type-product","3":"status-publish","4":"has-post-thumbnail","6":"product_cat-sauny","8":"first","9":"instock","10":"shipping-taxable","11":"purchasable","12":"product-type-simple"},"_links":{"self":[{"href":"https:\/\/ekochatykarpaty.cz\/sk\/wp-json\/wp\/v2\/product\/2524","targetHints":{"allow":["GET"]}}],"collection":[{"href":"https:\/\/ekochatykarpaty.cz\/sk\/wp-json\/wp\/v2\/product"}],"about":[{"href":"https:\/\/ekochatykarpaty.cz\/sk\/wp-json\/wp\/v2\/types\/product"}],"replies":[{"embeddable":true,"href":"https:\/\/ekochatykarpaty.cz\/sk\/wp-json\/wp\/v2\/comments?post=2524"}],"wp:featuredmedia":[{"embeddable":true,"href":"https:\/\/ekochatykarpaty.cz\/sk\/wp-json\/wp\/v2\/media\/2527"}],"wp:attachment":[{"href":"https:\/\/ekochatykarpaty.cz\/sk\/wp-json\/wp\/v2\/media?parent=2524"}],"wp:term":[{"taxonomy":"product_brand","embeddable":true,"href":"https:\/\/ekochatykarpaty.cz\/sk\/wp-json\/wp\/v2\/product_brand?post=2524"},{"taxonomy":"product_cat","embeddable":true,"href":"https:\/\/ekochatykarpaty.cz\/sk\/wp-json\/wp\/v2\/product_cat?post=2524"},{"taxonomy":"product_tag","embeddable":true,"href":"https:\/\/ekochatykarpaty.cz\/sk\/wp-json\/wp\/v2\/product_tag?post=2524"}],"curies":[{"name":"wp","href":"https:\/\/api.w.org\/{rel}","templated":true}]}}