{"id":2530,"date":"2026-02-17T13:33:13","date_gmt":"2026-02-17T13:33:13","guid":{"rendered":"https:\/\/ekochatykarpaty.cz\/?post_type=product&#038;p=2530"},"modified":"2026-02-22T21:17:11","modified_gmt":"2026-02-22T21:17:11","slug":"sauna-l","status":"publish","type":"product","link":"https:\/\/ekochatykarpaty.cz\/sk\/produkt\/sauna-l\/","title":{"rendered":"Sauna L"},"content":{"rendered":"<p>Sauna L je ve\u013ekoryso po\u0148at\u00fd wellness dom\u010dek, ktor\u00fd pon\u00faka profesion\u00e1lne z\u00e1zemie pre n\u00e1ro\u010dn\u00fdch u\u017e\u00edvate\u013eov.<\/p>\n<p>Oproti men\u0161\u00edm modelom disponuje vn\u00fatornou plochou 8,63 m\u00b2 rozdelenou do dvoch miestnost\u00ed, \u010do umo\u017e\u0148uje vytvori\u0165 samostatn\u00fa saunov\u00fa \u010das\u0165 a komfortn\u00fa vn\u00fatorn\u00fa odpo\u010div\u00e1re\u0148 \u010di \u0161at\u0148u.<\/p>\n<p>Exteri\u00e9r dop\u013a\u0148a priestrann\u00e1 kryt\u00e1 terasa (10,6 m\u00b2), ide\u00e1lna na ochladzovanie na \u010derstvom vzduchu. Modern\u00fd charakter stavby pod\u010diarkuj\u00fa dve ve\u013ek\u00e9 presklen\u00e9 plochy, ktor\u00e9 do interi\u00e9ru prep\u00fa\u0161\u0165aj\u00fa dostatok svetla a prep\u00e1jaj\u00fa relaxa\u010dn\u00fa z\u00f3nu s okolitou z\u00e1hradou.<\/p>\n<p>Mas\u00edvny 44 mm r\u00faben\u00fd hranol v kombin\u00e1cii s izola\u010dn\u00fdmi dvojsklami v dreven\u00fdch r\u00e1moch zais\u0165uje vynikaj\u00facu akumul\u00e1ciu tepla a odolnos\u0165.<\/p>\n<p>Sauna L premen\u00ed va\u0161u z\u00e1hradu na s\u00fakromn\u00e9 k\u00fapele s dostatkom priestoru pre rodinu aj host\u00ed.<\/p>","protected":false},"excerpt":{"rendered":"<p>\ud83d\udccf 19,25 m\u00b2 | \ud83e\uddf1 44 mm | \ud83d\udcd0 6900 x 2790 mm<\/p>","protected":false},"featured_media":2532,"comment_status":"open","ping_status":"closed","template":"","meta":[],"product_brand":[],"product_cat":[24],"product_tag":[],"class_list":{"0":"post-2530","1":"product","2":"type-product","3":"status-publish","4":"has-post-thumbnail","6":"product_cat-sauny","8":"first","9":"instock","10":"shipping-taxable","11":"purchasable","12":"product-type-simple"},"_links":{"self":[{"href":"https:\/\/ekochatykarpaty.cz\/sk\/wp-json\/wp\/v2\/product\/2530","targetHints":{"allow":["GET"]}}],"collection":[{"href":"https:\/\/ekochatykarpaty.cz\/sk\/wp-json\/wp\/v2\/product"}],"about":[{"href":"https:\/\/ekochatykarpaty.cz\/sk\/wp-json\/wp\/v2\/types\/product"}],"replies":[{"embeddable":true,"href":"https:\/\/ekochatykarpaty.cz\/sk\/wp-json\/wp\/v2\/comments?post=2530"}],"wp:featuredmedia":[{"embeddable":true,"href":"https:\/\/ekochatykarpaty.cz\/sk\/wp-json\/wp\/v2\/media\/2532"}],"wp:attachment":[{"href":"https:\/\/ekochatykarpaty.cz\/sk\/wp-json\/wp\/v2\/media?parent=2530"}],"wp:term":[{"taxonomy":"product_brand","embeddable":true,"href":"https:\/\/ekochatykarpaty.cz\/sk\/wp-json\/wp\/v2\/product_brand?post=2530"},{"taxonomy":"product_cat","embeddable":true,"href":"https:\/\/ekochatykarpaty.cz\/sk\/wp-json\/wp\/v2\/product_cat?post=2530"},{"taxonomy":"product_tag","embeddable":true,"href":"https:\/\/ekochatykarpaty.cz\/sk\/wp-json\/wp\/v2\/product_tag?post=2530"}],"curies":[{"name":"wp","href":"https:\/\/api.w.org\/{rel}","templated":true}]}}