{"id":2535,"date":"2026-02-17T13:37:49","date_gmt":"2026-02-17T13:37:49","guid":{"rendered":"https:\/\/ekochatykarpaty.cz\/?post_type=product&#038;p=2535"},"modified":"2026-02-22T21:14:04","modified_gmt":"2026-02-22T21:14:04","slug":"sauna-xl","status":"publish","type":"product","link":"https:\/\/ekochatykarpaty.cz\/sk\/produkt\/sauna-xl\/","title":{"rendered":"Sauna XL"},"content":{"rendered":"<p>Model Sauna XL predstavuje absol\u00fatny vrchol na\u0161ej ponuky z\u00e1hradn\u00e9ho wellness, kde sa sn\u00fabi nad\u0161tandardn\u00fd priestor s modern\u00fdm dizajnom. S celkovou zastavanou plochou 32,6 m\u00b2 pon\u00faka t\u00e1to sauna ve\u013ekorys\u00fa vn\u00fatorn\u00fa \u010das\u0165 s rozlohou 16,6 m\u00b2, ktor\u00e1 poskytuje dostatok miesta pre komfortn\u00e9 saunovanie aj priestrann\u00fa vn\u00fatorn\u00fa odpo\u010div\u00e1re\u0148.<\/p>\n<p>Vonkaj\u0161ia kryt\u00e1 terasa s plochou 16 m\u00b2 potom tvor\u00ed ide\u00e1lne z\u00e1zemie pre ochladzovanie a relax\u00e1ciu na \u010derstvom vzduchu za ka\u017ed\u00e9ho po\u010dasia. Dominantou stavby je rozmern\u00e9 presklenie, ktor\u00e9 zais\u0165uje pocit sp\u00e4tosti s okolitou krajinou.<\/p>\n<p>Kon\u0161trukcia zo 44 mm r\u00faben\u00e9ho hranola z vysokohorsk\u00e9ho smreka a tri samostatn\u00e9 vstupy pod\u010diarkuj\u00fa vysok\u00fa funk\u010dnos\u0165 a remeseln\u00fa \u00farove\u0148 tohto modelu.<\/p>\n<p>Sauna XL je ide\u00e1lnou vo\u013ebou pre t\u00fdch, ktor\u00ed chc\u00fa svoju z\u00e1hradu premeni\u0165 na plnohodnotn\u00e9 priv\u00e1tne k\u00fapele bez kompromisov.<\/p>","protected":false},"excerpt":{"rendered":"<p>\ud83d\udccf 32,6 m\u00b2 | \ud83e\uddf1 44 mm | \ud83d\udcd0 4280 x 7630 mm<\/p>","protected":false},"featured_media":2540,"comment_status":"open","ping_status":"closed","template":"","meta":[],"product_brand":[],"product_cat":[24],"product_tag":[],"class_list":{"0":"post-2535","1":"product","2":"type-product","3":"status-publish","4":"has-post-thumbnail","6":"product_cat-sauny","8":"first","9":"instock","10":"shipping-taxable","11":"purchasable","12":"product-type-simple"},"_links":{"self":[{"href":"https:\/\/ekochatykarpaty.cz\/sk\/wp-json\/wp\/v2\/product\/2535","targetHints":{"allow":["GET"]}}],"collection":[{"href":"https:\/\/ekochatykarpaty.cz\/sk\/wp-json\/wp\/v2\/product"}],"about":[{"href":"https:\/\/ekochatykarpaty.cz\/sk\/wp-json\/wp\/v2\/types\/product"}],"replies":[{"embeddable":true,"href":"https:\/\/ekochatykarpaty.cz\/sk\/wp-json\/wp\/v2\/comments?post=2535"}],"wp:featuredmedia":[{"embeddable":true,"href":"https:\/\/ekochatykarpaty.cz\/sk\/wp-json\/wp\/v2\/media\/2540"}],"wp:attachment":[{"href":"https:\/\/ekochatykarpaty.cz\/sk\/wp-json\/wp\/v2\/media?parent=2535"}],"wp:term":[{"taxonomy":"product_brand","embeddable":true,"href":"https:\/\/ekochatykarpaty.cz\/sk\/wp-json\/wp\/v2\/product_brand?post=2535"},{"taxonomy":"product_cat","embeddable":true,"href":"https:\/\/ekochatykarpaty.cz\/sk\/wp-json\/wp\/v2\/product_cat?post=2535"},{"taxonomy":"product_tag","embeddable":true,"href":"https:\/\/ekochatykarpaty.cz\/sk\/wp-json\/wp\/v2\/product_tag?post=2535"}],"curies":[{"name":"wp","href":"https:\/\/api.w.org\/{rel}","templated":true}]}}