{"id":2541,"date":"2026-02-17T13:47:50","date_gmt":"2026-02-17T13:47:50","guid":{"rendered":"https:\/\/ekochatykarpaty.cz\/?post_type=product&#038;p=2541"},"modified":"2026-02-22T21:07:53","modified_gmt":"2026-02-22T21:07:53","slug":"hana","status":"publish","type":"product","link":"https:\/\/ekochatykarpaty.cz\/sk\/produkt\/hana\/","title":{"rendered":"Hana"},"content":{"rendered":"<p>Pergola Hana je stelesnen\u00edm stability a dlhovekosti v segmente z\u00e1hradn\u00fdch stavieb. Na rozdiel od be\u017en\u00fdch \u013eahk\u00fdch kon\u0161trukci\u00ed je tento model postaven\u00fd z mas\u00edvneho r\u00faben\u00e9ho hranola s hr\u00fabkou 68 mm, \u010do mu dod\u00e1va neoby\u010dajn\u00fa pevnos\u0165 a odolnos\u0165 vo\u010di poveternostn\u00fdm vplyvom.<\/p>\n<p>So \u0161tvorcov\u00fdm p\u00f4dorysom 3,8 x 3,8 m a vn\u00fatornou plochou 13,4 m\u00b2 pon\u00faka ide\u00e1lny priestor pre rodinn\u00e9 stolovanie \u010di z\u00e1hradn\u00fa kuchy\u0148u. Strecha s plochou takmer 21 m\u00b2 a kvalitn\u00fdm 19 mm z\u00e1klopom zais\u0165uje bezpe\u010dn\u00e9 zastre\u0161enie, zatia\u013e \u010do poctiv\u00e1 podlaha s hr\u00fabkou 28 mm dod\u00e1va cel\u00e9mu objektu pr\u00e9miov\u00fd charakter.<\/p>\n<p>Pergola Hana z vysokohorsk\u00e9ho smreka nie je len oby\u010dajn\u00fdm pr\u00edstre\u0161kom, ale pevn\u00fdm architektonick\u00fdm prvkom, ktor\u00fd sa stane prirodzen\u00fdm centrom va\u0161ej z\u00e1hrady na desiatky rokov.<\/p>","protected":false},"excerpt":{"rendered":"<p>\ud83d\udccf 14,44 m\u00b2 | \ud83e\uddf1 68 mm | \ud83d\udcd0 3800 x 3800 mm<\/p>","protected":false},"featured_media":2543,"comment_status":"open","ping_status":"closed","template":"","meta":[],"product_brand":[],"product_cat":[25],"product_tag":[],"class_list":{"0":"post-2541","1":"product","2":"type-product","3":"status-publish","4":"has-post-thumbnail","6":"product_cat-altany","8":"first","9":"instock","10":"shipping-taxable","11":"purchasable","12":"product-type-simple"},"_links":{"self":[{"href":"https:\/\/ekochatykarpaty.cz\/sk\/wp-json\/wp\/v2\/product\/2541","targetHints":{"allow":["GET"]}}],"collection":[{"href":"https:\/\/ekochatykarpaty.cz\/sk\/wp-json\/wp\/v2\/product"}],"about":[{"href":"https:\/\/ekochatykarpaty.cz\/sk\/wp-json\/wp\/v2\/types\/product"}],"replies":[{"embeddable":true,"href":"https:\/\/ekochatykarpaty.cz\/sk\/wp-json\/wp\/v2\/comments?post=2541"}],"wp:featuredmedia":[{"embeddable":true,"href":"https:\/\/ekochatykarpaty.cz\/sk\/wp-json\/wp\/v2\/media\/2543"}],"wp:attachment":[{"href":"https:\/\/ekochatykarpaty.cz\/sk\/wp-json\/wp\/v2\/media?parent=2541"}],"wp:term":[{"taxonomy":"product_brand","embeddable":true,"href":"https:\/\/ekochatykarpaty.cz\/sk\/wp-json\/wp\/v2\/product_brand?post=2541"},{"taxonomy":"product_cat","embeddable":true,"href":"https:\/\/ekochatykarpaty.cz\/sk\/wp-json\/wp\/v2\/product_cat?post=2541"},{"taxonomy":"product_tag","embeddable":true,"href":"https:\/\/ekochatykarpaty.cz\/sk\/wp-json\/wp\/v2\/product_tag?post=2541"}],"curies":[{"name":"wp","href":"https:\/\/api.w.org\/{rel}","templated":true}]}}