{"id":2547,"date":"2026-02-17T13:52:06","date_gmt":"2026-02-17T13:52:06","guid":{"rendered":"https:\/\/ekochatykarpaty.cz\/?post_type=product&#038;p=2547"},"modified":"2026-02-22T20:54:00","modified_gmt":"2026-02-22T20:54:00","slug":"laura","status":"publish","type":"product","link":"https:\/\/ekochatykarpaty.cz\/sk\/produkt\/laura\/","title":{"rendered":"Laura"},"content":{"rendered":"<p>Pergola Laura je elegantn\u00e1 a mimoriadne stabiln\u00e1 z\u00e1hradn\u00e1 stavba s obd\u013a\u017enikov\u00fdm p\u00f4dorysom 3 x 4 metre. Rovnako ako jej sestersk\u00e9 modely, aj Laura stavila na nekompromisn\u00fa hr\u00fabku steny 68 mm, \u010do je v kateg\u00f3rii pergol nad\u0161tandardn\u00e1 hodnota zais\u0165uj\u00faca maxim\u00e1lnu tuhos\u0165 kon\u0161trukcie a reprezentat\u00edvny vzh\u013ead.<\/p>\n<p>S \u00fa\u017eitkovou plochou vy\u0161e 10 m\u00b2 je ide\u00e1lnym miestom pre vonkaj\u0161ie posedenie, grilovanie alebo ako kryt\u00e9 z\u00e1zemie pri baz\u00e9ne. Celodreven\u00e9 vyhotovenie z vysokohorsk\u00e9ho smreka dop\u013a\u0148a pevn\u00e1 podlaha s hr\u00fabkou 28 mm a stre\u0161n\u00fd z\u00e1klop z 19 mm paluboviek.<\/p>\n<p>V\u010faka prec\u00edznemu spracovaniu r\u00faben\u00e9ho hranola pon\u00faka pergola Laura dlh\u00fa \u017eivotnos\u0165 a stane sa estetick\u00fdm dominantn\u00fdm prvkom va\u0161ej z\u00e1hrady, ktor\u00fd odol\u00e1 aj n\u00e1ro\u010dn\u00fdm klimatick\u00fdm podmienkam.<\/p>","protected":false},"excerpt":{"rendered":"<p>\ud83d\udccf 12 m\u00b2 | \ud83e\uddf1 68 mm | \ud83d\udcd0 3000 x 4000 mm<\/p>","protected":false},"featured_media":2549,"comment_status":"open","ping_status":"closed","template":"","meta":[],"product_brand":[],"product_cat":[25],"product_tag":[],"class_list":{"0":"post-2547","1":"product","2":"type-product","3":"status-publish","4":"has-post-thumbnail","6":"product_cat-altany","8":"first","9":"instock","10":"shipping-taxable","11":"purchasable","12":"product-type-simple"},"_links":{"self":[{"href":"https:\/\/ekochatykarpaty.cz\/sk\/wp-json\/wp\/v2\/product\/2547","targetHints":{"allow":["GET"]}}],"collection":[{"href":"https:\/\/ekochatykarpaty.cz\/sk\/wp-json\/wp\/v2\/product"}],"about":[{"href":"https:\/\/ekochatykarpaty.cz\/sk\/wp-json\/wp\/v2\/types\/product"}],"replies":[{"embeddable":true,"href":"https:\/\/ekochatykarpaty.cz\/sk\/wp-json\/wp\/v2\/comments?post=2547"}],"wp:featuredmedia":[{"embeddable":true,"href":"https:\/\/ekochatykarpaty.cz\/sk\/wp-json\/wp\/v2\/media\/2549"}],"wp:attachment":[{"href":"https:\/\/ekochatykarpaty.cz\/sk\/wp-json\/wp\/v2\/media?parent=2547"}],"wp:term":[{"taxonomy":"product_brand","embeddable":true,"href":"https:\/\/ekochatykarpaty.cz\/sk\/wp-json\/wp\/v2\/product_brand?post=2547"},{"taxonomy":"product_cat","embeddable":true,"href":"https:\/\/ekochatykarpaty.cz\/sk\/wp-json\/wp\/v2\/product_cat?post=2547"},{"taxonomy":"product_tag","embeddable":true,"href":"https:\/\/ekochatykarpaty.cz\/sk\/wp-json\/wp\/v2\/product_tag?post=2547"}],"curies":[{"name":"wp","href":"https:\/\/api.w.org\/{rel}","templated":true}]}}