{"id":2552,"date":"2026-02-17T13:54:07","date_gmt":"2026-02-17T13:54:07","guid":{"rendered":"https:\/\/ekochatykarpaty.cz\/?post_type=product&#038;p=2552"},"modified":"2026-02-22T20:46:28","modified_gmt":"2026-02-22T20:46:28","slug":"kipa","status":"publish","type":"product","link":"https:\/\/ekochatykarpaty.cz\/sk\/produkt\/kipa\/","title":{"rendered":"Kipa"},"content":{"rendered":"<p>Pergola Kipa predstavuje vrchol stability a poctiv\u00e9ho remeseln\u00e9ho spracovania. S p\u00f4dorysom 3,8 x 3,8 metra poskytuje ve\u013ekorys\u00fd priestor pre vonkaj\u0161ie stret\u00e1vanie, ktor\u00fd je v\u010faka kon\u0161trukcii zo 68 mm r\u00faben\u00e9ho hranola prakticky nezni\u010dite\u013en\u00fd.<\/p>\n<p>Vysokohorsk\u00fd smrek a nad\u0161tandardn\u00e1 hr\u00fabka stien zaru\u010duj\u00fa, \u017ee sa stavba nekr\u00fati a skvele odol\u00e1va aj nepriazniv\u00e9mu po\u010dasiu. Interi\u00e9r s plochou 13,4 m\u00b2 dop\u013a\u0148a robustn\u00e1 podlaha z 28 mm dosiek, ktor\u00e1 spolu so stre\u0161n\u00fdm z\u00e1klopom s hr\u00fabkou 19 mm pod\u010diarkuje pr\u00e9miov\u00fa kvalitu tohto modelu.<\/p>\n<p>Kipa je ide\u00e1lnou vo\u013ebou pre t\u00fdch, ktor\u00ed h\u013eadaj\u00fa robustn\u00e9 a esteticky \u010dist\u00e9 rie\u0161enie pre svoju z\u00e1hradu, \u010di u\u017e ako priestor na relax\u00e1ciu, alebo ako \u0161t\u00fdlov\u00e9 z\u00e1zemie pre letn\u00fa kuchy\u0148u.<\/p>","protected":false},"excerpt":{"rendered":"<p>\ud83d\udccf 14,44 m\u00b2 | \ud83e\uddf1 68 mm | \ud83d\udcd0 3800 x 3800 mm<\/p>","protected":false},"featured_media":2554,"comment_status":"open","ping_status":"closed","template":"","meta":[],"product_brand":[],"product_cat":[25],"product_tag":[],"class_list":{"0":"post-2552","1":"product","2":"type-product","3":"status-publish","4":"has-post-thumbnail","6":"product_cat-altany","8":"first","9":"instock","10":"shipping-taxable","11":"purchasable","12":"product-type-simple"},"_links":{"self":[{"href":"https:\/\/ekochatykarpaty.cz\/sk\/wp-json\/wp\/v2\/product\/2552","targetHints":{"allow":["GET"]}}],"collection":[{"href":"https:\/\/ekochatykarpaty.cz\/sk\/wp-json\/wp\/v2\/product"}],"about":[{"href":"https:\/\/ekochatykarpaty.cz\/sk\/wp-json\/wp\/v2\/types\/product"}],"replies":[{"embeddable":true,"href":"https:\/\/ekochatykarpaty.cz\/sk\/wp-json\/wp\/v2\/comments?post=2552"}],"wp:featuredmedia":[{"embeddable":true,"href":"https:\/\/ekochatykarpaty.cz\/sk\/wp-json\/wp\/v2\/media\/2554"}],"wp:attachment":[{"href":"https:\/\/ekochatykarpaty.cz\/sk\/wp-json\/wp\/v2\/media?parent=2552"}],"wp:term":[{"taxonomy":"product_brand","embeddable":true,"href":"https:\/\/ekochatykarpaty.cz\/sk\/wp-json\/wp\/v2\/product_brand?post=2552"},{"taxonomy":"product_cat","embeddable":true,"href":"https:\/\/ekochatykarpaty.cz\/sk\/wp-json\/wp\/v2\/product_cat?post=2552"},{"taxonomy":"product_tag","embeddable":true,"href":"https:\/\/ekochatykarpaty.cz\/sk\/wp-json\/wp\/v2\/product_tag?post=2552"}],"curies":[{"name":"wp","href":"https:\/\/api.w.org\/{rel}","templated":true}]}}